{"id":93,"date":"2018-05-23T05:21:27","date_gmt":"2018-05-23T05:21:27","guid":{"rendered":"http:\/\/192.168.2.28\/themes\/?page_id=93"},"modified":"2024-02-14T13:37:07","modified_gmt":"2024-02-14T12:37:07","slug":"services","status":"publish","type":"page","link":"https:\/\/sklepimed.pl\/blog\/services\/","title":{"rendered":"Us\u0142ugi"},"content":{"rendered":"<p style=\"text-align: center;\"><strong>Sklep IMED zajmuje si\u0119 sprzeda\u017c\u0105 oraz wypo\u017cyczaniem sprz\u0119tu rehabilitacyjnego.<\/strong><\/p>\n<p style=\"text-align: center;\">Ponadto skupujemy oraz naprawiamy sprz\u0119t rehabilitacyjny.<\/p>\n<p style=\"text-align: center;\">Dodatkow\u0105 us\u0142ug\u0105 oferowan\u0105 przez nasz\u0105 firm\u0119 jest rehabilitacja domowa. W naszej ofercie znajduj\u0105 si\u0119 \u0142\u00f3\u017cka rehabilitacyjne, w\u00f3zki inwalidzkie, balkoniki i chodziki rehabilitacyjne, kule inwalidzkie, ortezy i stabilizatory, laski inwalidzkie i wiele innych.<\/p>\n<p style=\"text-align: center;\">Przejd\u017a na <strong><em><a style=\"text-decoration: underline;\" href=\"https:\/\/sklepimed.pl\/\">sklep ze sprz\u0119tem rehabilitacyjnym<\/a><\/em><\/strong>.<\/p>\n<p style=\"text-align: center;\">Sprawd\u017a <em><strong><a style=\"text-decoration: underline;\" href=\"https:\/\/sklepimed.pl\/85-wynajem-sprzetu-rehabilitacyjnego\">sprz\u0119t rehabilitacyjny na wynajem<\/a><\/strong><\/em>.<\/p>\n","protected":false},"excerpt":{"rendered":"<p>Sklep IMED zajmuje si\u0119 sprzeda\u017c\u0105 oraz wypo\u017cyczaniem sprz\u0119tu rehabilitacyjnego. Ponadto skupujemy oraz naprawiamy sprz\u0119t rehabilitacyjny. Dodatkow\u0105 us\u0142ug\u0105 oferowan\u0105 przez nasz\u0105 firm\u0119 jest rehabilitacja domowa. W naszej ofercie znajduj\u0105 si\u0119 \u0142\u00f3\u017cka [&hellip;]<\/p>\n","protected":false},"author":3,"featured_media":73,"parent":0,"menu_order":0,"comment_status":"closed","ping_status":"closed","template":"","meta":[],"yoast_head":"<!-- This site is optimized with the Yoast SEO plugin v19.14 - https:\/\/yoast.com\/wordpress\/plugins\/seo\/ -->\n<title>Us\u0142ugi | Sklep IMED<\/title>\n<meta name=\"robots\" content=\"index, follow, max-snippet:-1, max-image-preview:large, max-video-preview:-1\" \/>\n<link rel=\"canonical\" href=\"https:\/\/sklepimed.pl\/blog\/services\/\" \/>\n<meta property=\"og:locale\" content=\"pl_PL\" \/>\n<meta property=\"og:type\" content=\"article\" \/>\n<meta property=\"og:title\" content=\"Us\u0142ugi | Sklep IMED\" \/>\n<meta property=\"og:description\" content=\"Sklep IMED zajmuje si\u0119 sprzeda\u017c\u0105 oraz wypo\u017cyczaniem sprz\u0119tu rehabilitacyjnego. Ponadto skupujemy oraz naprawiamy sprz\u0119t rehabilitacyjny. Dodatkow\u0105 us\u0142ug\u0105 oferowan\u0105 przez nasz\u0105 firm\u0119 jest rehabilitacja domowa. W naszej ofercie znajduj\u0105 si\u0119 \u0142\u00f3\u017cka [&hellip;]\" \/>\n<meta property=\"og:url\" content=\"https:\/\/sklepimed.pl\/blog\/services\/\" \/>\n<meta property=\"og:site_name\" content=\"Sklep IMED\" \/>\n<meta property=\"article:modified_time\" content=\"2024-02-14T12:37:07+00:00\" \/>\n<meta name=\"twitter:card\" content=\"summary_large_image\" \/>\n<meta name=\"twitter:label1\" content=\"Szacowany czas czytania\" \/>\n\t<meta name=\"twitter:data1\" content=\"1 minuta\" \/>\n<script type=\"application\/ld+json\" class=\"yoast-schema-graph\">{\"@context\":\"https:\/\/schema.org\",\"@graph\":[{\"@type\":\"WebPage\",\"@id\":\"https:\/\/sklepimed.pl\/blog\/services\/\",\"url\":\"https:\/\/sklepimed.pl\/blog\/services\/\",\"name\":\"Us\u0142ugi | Sklep IMED\",\"isPartOf\":{\"@id\":\"https:\/\/sklepimed.pl\/blog\/#website\"},\"datePublished\":\"2018-05-23T05:21:27+00:00\",\"dateModified\":\"2024-02-14T12:37:07+00:00\",\"breadcrumb\":{\"@id\":\"https:\/\/sklepimed.pl\/blog\/services\/#breadcrumb\"},\"inLanguage\":\"pl-PL\",\"potentialAction\":[{\"@type\":\"ReadAction\",\"target\":[\"https:\/\/sklepimed.pl\/blog\/services\/\"]}]},{\"@type\":\"BreadcrumbList\",\"@id\":\"https:\/\/sklepimed.pl\/blog\/services\/#breadcrumb\",\"itemListElement\":[{\"@type\":\"ListItem\",\"position\":1,\"name\":\"Blog\",\"item\":\"https:\/\/sklepimed.pl\/blog\/\"},{\"@type\":\"ListItem\",\"position\":2,\"name\":\"Us\u0142ugi\"}]},{\"@type\":\"WebSite\",\"@id\":\"https:\/\/sklepimed.pl\/blog\/#website\",\"url\":\"https:\/\/sklepimed.pl\/blog\/\",\"name\":\"Sklep IMED\",\"description\":\"Blog\",\"potentialAction\":[{\"@type\":\"SearchAction\",\"target\":{\"@type\":\"EntryPoint\",\"urlTemplate\":\"https:\/\/sklepimed.pl\/blog\/?s={search_term_string}\"},\"query-input\":\"required name=search_term_string\"}],\"inLanguage\":\"pl-PL\"}]}<\/script>\n<!-- \/ Yoast SEO plugin. -->","yoast_head_json":{"title":"Us\u0142ugi | Sklep IMED","robots":{"index":"index","follow":"follow","max-snippet":"max-snippet:-1","max-image-preview":"max-image-preview:large","max-video-preview":"max-video-preview:-1"},"canonical":"https:\/\/sklepimed.pl\/blog\/services\/","og_locale":"pl_PL","og_type":"article","og_title":"Us\u0142ugi | Sklep IMED","og_description":"Sklep IMED zajmuje si\u0119 sprzeda\u017c\u0105 oraz wypo\u017cyczaniem sprz\u0119tu rehabilitacyjnego. Ponadto skupujemy oraz naprawiamy sprz\u0119t rehabilitacyjny. Dodatkow\u0105 us\u0142ug\u0105 oferowan\u0105 przez nasz\u0105 firm\u0119 jest rehabilitacja domowa. W naszej ofercie znajduj\u0105 si\u0119 \u0142\u00f3\u017cka [&hellip;]","og_url":"https:\/\/sklepimed.pl\/blog\/services\/","og_site_name":"Sklep IMED","article_modified_time":"2024-02-14T12:37:07+00:00","twitter_card":"summary_large_image","twitter_misc":{"Szacowany czas czytania":"1 minuta"},"schema":{"@context":"https:\/\/schema.org","@graph":[{"@type":"WebPage","@id":"https:\/\/sklepimed.pl\/blog\/services\/","url":"https:\/\/sklepimed.pl\/blog\/services\/","name":"Us\u0142ugi | Sklep IMED","isPartOf":{"@id":"https:\/\/sklepimed.pl\/blog\/#website"},"datePublished":"2018-05-23T05:21:27+00:00","dateModified":"2024-02-14T12:37:07+00:00","breadcrumb":{"@id":"https:\/\/sklepimed.pl\/blog\/services\/#breadcrumb"},"inLanguage":"pl-PL","potentialAction":[{"@type":"ReadAction","target":["https:\/\/sklepimed.pl\/blog\/services\/"]}]},{"@type":"BreadcrumbList","@id":"https:\/\/sklepimed.pl\/blog\/services\/#breadcrumb","itemListElement":[{"@type":"ListItem","position":1,"name":"Blog","item":"https:\/\/sklepimed.pl\/blog\/"},{"@type":"ListItem","position":2,"name":"Us\u0142ugi"}]},{"@type":"WebSite","@id":"https:\/\/sklepimed.pl\/blog\/#website","url":"https:\/\/sklepimed.pl\/blog\/","name":"Sklep IMED","description":"Blog","potentialAction":[{"@type":"SearchAction","target":{"@type":"EntryPoint","urlTemplate":"https:\/\/sklepimed.pl\/blog\/?s={search_term_string}"},"query-input":"required name=search_term_string"}],"inLanguage":"pl-PL"}]}},"_links":{"self":[{"href":"https:\/\/sklepimed.pl\/blog\/wp-json\/wp\/v2\/pages\/93"}],"collection":[{"href":"https:\/\/sklepimed.pl\/blog\/wp-json\/wp\/v2\/pages"}],"about":[{"href":"https:\/\/sklepimed.pl\/blog\/wp-json\/wp\/v2\/types\/page"}],"author":[{"embeddable":true,"href":"https:\/\/sklepimed.pl\/blog\/wp-json\/wp\/v2\/users\/3"}],"replies":[{"embeddable":true,"href":"https:\/\/sklepimed.pl\/blog\/wp-json\/wp\/v2\/comments?post=93"}],"version-history":[{"count":5,"href":"https:\/\/sklepimed.pl\/blog\/wp-json\/wp\/v2\/pages\/93\/revisions"}],"predecessor-version":[{"id":1218,"href":"https:\/\/sklepimed.pl\/blog\/wp-json\/wp\/v2\/pages\/93\/revisions\/1218"}],"wp:featuredmedia":[{"embeddable":true,"href":"https:\/\/sklepimed.pl\/blog\/wp-json\/"}],"wp:attachment":[{"href":"https:\/\/sklepimed.pl\/blog\/wp-json\/wp\/v2\/media?parent=93"}],"curies":[{"name":"wp","href":"https:\/\/api.w.org\/{rel}","templated":true}]}}